{"id":198,"date":"2022-08-21T08:36:12","date_gmt":"2022-08-21T08:36:12","guid":{"rendered":"https:\/\/maryyacht.hu\/?page_id=198"},"modified":"2023-05-24T07:36:47","modified_gmt":"2023-05-24T07:36:47","slug":"our-packages","status":"publish","type":"page","link":"https:\/\/maryyacht.hu\/index.php\/en\/our-packages\/","title":{"rendered":"Our packages"},"content":{"rendered":"<h3><a href=\"https:\/\/maryyacht.hu\/wp-content\/uploads\/2023\/05\/mary_kiajanlo_23_lakossagi_eng.pdf\" target=\"_blank\" rel=\"noopener\">Click here, to learn more about Mary!<\/a><\/h3>\n<p>&nbsp;<\/p>\n<h5 dir=\"ltr\">All of our packages include the followings:<\/h5>\n<p dir=\"ltr\"><strong>Welcome drink<\/strong> (champagne and\/or orange juce, soft drinks) &amp; <strong>snacks.<\/strong><\/p>\n<p>&nbsp;<\/p>\n<h2 dir=\"ltr\">Sightseeing at Night<\/h2>\n<table class=\"dcf-table dcf-table-responsive dcf-table-bordered dcf-table-striped dcf-w-100%\">\n<thead>\n<tr>\n<th class=\"dcf-txt-center\" scope=\"col\">Duration<\/th>\n<th class=\"dcf-txt-center\" scope=\"col\">30 minutes<\/th>\n<th class=\"dcf-txt-center\" scope=\"col\">1 hour<\/th>\n<\/tr>\n<\/thead>\n<tbody>\n<tr>\n<th class=\"dcf-txt-center\" scope=\"row\">Price<\/th>\n<td class=\"dcf-txt-center\" data-label=\"F\u00e9l \u00f3ra\">100.000 Ft<\/td>\n<td class=\"dcf-txt-center\" data-label=\"Egy \u00f3ra\">120.000 Ft<\/td>\n<\/tr>\n<\/tbody>\n<\/table>\n<p dir=\"ltr\">+ cheese platter and fruit bowl<\/p>\n<p dir=\"ltr\"><strong>For whom we recommend it:<\/strong> For those who would like to admire Budapest at night and prefer a slower cruise and sightseeing.<\/p>\n<p>&nbsp;<\/p>\n<p>&nbsp;<\/p>\n<h2 dir=\"ltr\">Family Yachting (2 adult and 3 children)<\/h2>\n<table class=\"dcf-table dcf-table-responsive dcf-table-bordered dcf-table-striped dcf-w-100%\">\n<thead>\n<tr>\n<th class=\"dcf-txt-center\" scope=\"col\">Duration<\/th>\n<th class=\"dcf-txt-center\" scope=\"col\">1 hour<\/th>\n<\/tr>\n<\/thead>\n<tbody>\n<tr>\n<th class=\"dcf-txt-center\" scope=\"row\">Price<\/th>\n<td class=\"dcf-txt-center\" data-label=\"Egy \u00f3ra\">120.000 Ft<\/td>\n<\/tr>\n<\/tbody>\n<\/table>\n<p dir=\"ltr\">+ Extra snacks<\/p>\n<p dir=\"ltr\">+ Surprise sweet treat<\/p>\n<p dir=\"ltr\"><strong>Available destinations:<\/strong><\/p>\n<p dir=\"ltr\">Szentendre- with ice-cream tasting<\/p>\n<p dir=\"ltr\">Going around Margaret Island is a plus sightseeing.<\/p>\n<p dir=\"ltr\"><strong>For whom we recommend it:<\/strong> ideal programme for families. An eternal experience for the whole family. The destination is optional, but the experience is guaranteed.<\/p>\n<p>&nbsp;<\/p>\n<p>&nbsp;<\/p>\n<h2 dir=\"ltr\">Yacht rental with optional destinations<\/h2>\n<table class=\"dcf-table dcf-table-responsive dcf-table-bordered dcf-table-striped dcf-w-100%\">\n<thead>\n<tr>\n<th class=\"dcf-txt-center\" scope=\"col\">Duration<\/th>\n<th class=\"dcf-txt-center\" scope=\"col\">1 hour<\/th>\n<\/tr>\n<\/thead>\n<tbody>\n<tr>\n<th class=\"dcf-txt-center\" scope=\"row\">Price<\/th>\n<td class=\"dcf-txt-center\" data-label=\"Egy \u00f3ra\">120.000 Ft<\/td>\n<\/tr>\n<\/tbody>\n<\/table>\n<p dir=\"ltr\">Waiting time at the port: 15.000 HUF \/ 30 minutes<\/p>\n<p dir=\"ltr\"><strong>For whom we recommend it:<\/strong>Are you planning a bachelor or a bachelorette party, or a proposal? We provide you the location, the rest is up to you! Here you can go wild or enjoy a pleasant sightseeing tour.<\/p>\n<p dir=\"ltr\"><strong>The yacht goes wherever you want, you can choose the music, in short, you are going to be the captain of the yacht during the rental period.<\/strong><\/p>\n<p>&nbsp;<\/p>\n<p><strong>If you cannot find what you are looking for in our packages, please get in touch with us and we\u2019ll arrange something to suit your needs.<\/strong><\/p>\n<p>&nbsp;<\/p>\n<p>For rental or for booking queries, please find the contact information below:<br \/>\nDian D\u00e1niel | Managing Director<br \/>\nTelephone: +36 70\/ 411-0001<br \/>\nEmail: &#x69;&#110;f&#x6f;&#64;m&#x61;&#114;y&#x79;&#x61;&#99;&#x68;&#x74;&#46;h&#x75;<br \/>\nCustomer Service by Phone: Monday- Friday 8:00-20:00<\/p>\n","protected":false},"excerpt":{"rendered":"<p>Click here, to learn more about Mary! &nbsp; All of our packages [&hellip;]<\/p>\n","protected":false},"author":1,"featured_media":0,"parent":0,"menu_order":0,"comment_status":"closed","ping_status":"closed","template":"","meta":{"footnotes":""},"class_list":["post-198","page","type-page","status-publish","hentry"],"yoast_head":"<!-- This site is optimized with the Yoast SEO plugin v19.6.1 - https:\/\/yoast.com\/wordpress\/plugins\/seo\/ -->\n<title>Yacht b\u00e9rl\u00e9s a dun\u00e1n - Our packages - Mary Yacht<\/title>\n<meta name=\"description\" content=\"Szeretn\u00e9l egy feledhetetlen \u00e9lm\u00e9nyt \u00e1t\u00e9lni a bar\u00e1tokkal? L\u00e1nyk\u00e9r\u00e9s? L\u00e1nyb\u00facs\u00fa? Leg\u00e9nyb\u00facs\u00fa?Haj\u00f3 b\u00e9rl\u00e9s a dun\u00e1n! Tekintsd meg csomagjainkat.\" \/>\n<meta name=\"robots\" content=\"index, follow, max-snippet:-1, max-image-preview:large, max-video-preview:-1\" \/>\n<link rel=\"canonical\" href=\"https:\/\/maryyacht.hu\/index.php\/en\/our-packages\/\" \/>\n<meta property=\"og:locale\" content=\"hu_HU\" \/>\n<meta property=\"og:type\" content=\"article\" \/>\n<meta property=\"og:title\" content=\"Yacht b\u00e9rl\u00e9s a dun\u00e1n - Our packages - Mary Yacht\" \/>\n<meta property=\"og:description\" content=\"Szeretn\u00e9l egy feledhetetlen \u00e9lm\u00e9nyt \u00e1t\u00e9lni a bar\u00e1tokkal? L\u00e1nyk\u00e9r\u00e9s? L\u00e1nyb\u00facs\u00fa? Leg\u00e9nyb\u00facs\u00fa?Haj\u00f3 b\u00e9rl\u00e9s a dun\u00e1n! Tekintsd meg csomagjainkat.\" \/>\n<meta property=\"og:url\" content=\"https:\/\/maryyacht.hu\/index.php\/en\/our-packages\/\" \/>\n<meta property=\"og:site_name\" content=\"Mary Yacht\" \/>\n<meta property=\"article:modified_time\" content=\"2023-05-24T07:36:47+00:00\" \/>\n<meta name=\"twitter:card\" content=\"summary_large_image\" \/>\n<meta name=\"twitter:label1\" content=\"Becs\u00fclt olvas\u00e1si id\u0151\" \/>\n\t<meta name=\"twitter:data1\" content=\"2 perc\" \/>\n<script type=\"application\/ld+json\" class=\"yoast-schema-graph\">{\"@context\":\"https:\/\/schema.org\",\"@graph\":[{\"@type\":\"WebPage\",\"@id\":\"https:\/\/maryyacht.hu\/index.php\/en\/our-packages\/\",\"url\":\"https:\/\/maryyacht.hu\/index.php\/en\/our-packages\/\",\"name\":\"Yacht b\u00e9rl\u00e9s a dun\u00e1n - Our packages - Mary Yacht\",\"isPartOf\":{\"@id\":\"https:\/\/maryyacht.hu\/#website\"},\"datePublished\":\"2022-08-21T08:36:12+00:00\",\"dateModified\":\"2023-05-24T07:36:47+00:00\",\"description\":\"Szeretn\u00e9l egy feledhetetlen \u00e9lm\u00e9nyt \u00e1t\u00e9lni a bar\u00e1tokkal? L\u00e1nyk\u00e9r\u00e9s? L\u00e1nyb\u00facs\u00fa? Leg\u00e9nyb\u00facs\u00fa?Haj\u00f3 b\u00e9rl\u00e9s a dun\u00e1n! Tekintsd meg csomagjainkat.\",\"breadcrumb\":{\"@id\":\"https:\/\/maryyacht.hu\/index.php\/en\/our-packages\/#breadcrumb\"},\"inLanguage\":\"hu\",\"potentialAction\":[{\"@type\":\"ReadAction\",\"target\":[\"https:\/\/maryyacht.hu\/index.php\/en\/our-packages\/\"]}]},{\"@type\":\"BreadcrumbList\",\"@id\":\"https:\/\/maryyacht.hu\/index.php\/en\/our-packages\/#breadcrumb\",\"itemListElement\":[{\"@type\":\"ListItem\",\"position\":1,\"name\":\"Kezd\u0151lap\",\"item\":\"https:\/\/maryyacht.hu\/\"},{\"@type\":\"ListItem\",\"position\":2,\"name\":\"Our packages\"}]},{\"@type\":\"WebSite\",\"@id\":\"https:\/\/maryyacht.hu\/#website\",\"url\":\"https:\/\/maryyacht.hu\/\",\"name\":\"Mary Yacht\",\"description\":\"Yacht b\u00e9rl\u00e9s\",\"potentialAction\":[{\"@type\":\"SearchAction\",\"target\":{\"@type\":\"EntryPoint\",\"urlTemplate\":\"https:\/\/maryyacht.hu\/?s={search_term_string}\"},\"query-input\":\"required name=search_term_string\"}],\"inLanguage\":\"hu\"}]}<\/script>\n<!-- \/ Yoast SEO plugin. -->","yoast_head_json":{"title":"Yacht b\u00e9rl\u00e9s a dun\u00e1n - Our packages - Mary Yacht","description":"Szeretn\u00e9l egy feledhetetlen \u00e9lm\u00e9nyt \u00e1t\u00e9lni a bar\u00e1tokkal? L\u00e1nyk\u00e9r\u00e9s? L\u00e1nyb\u00facs\u00fa? Leg\u00e9nyb\u00facs\u00fa?Haj\u00f3 b\u00e9rl\u00e9s a dun\u00e1n! Tekintsd meg csomagjainkat.","robots":{"index":"index","follow":"follow","max-snippet":"max-snippet:-1","max-image-preview":"max-image-preview:large","max-video-preview":"max-video-preview:-1"},"canonical":"https:\/\/maryyacht.hu\/index.php\/en\/our-packages\/","og_locale":"hu_HU","og_type":"article","og_title":"Yacht b\u00e9rl\u00e9s a dun\u00e1n - Our packages - Mary Yacht","og_description":"Szeretn\u00e9l egy feledhetetlen \u00e9lm\u00e9nyt \u00e1t\u00e9lni a bar\u00e1tokkal? L\u00e1nyk\u00e9r\u00e9s? L\u00e1nyb\u00facs\u00fa? Leg\u00e9nyb\u00facs\u00fa?Haj\u00f3 b\u00e9rl\u00e9s a dun\u00e1n! Tekintsd meg csomagjainkat.","og_url":"https:\/\/maryyacht.hu\/index.php\/en\/our-packages\/","og_site_name":"Mary Yacht","article_modified_time":"2023-05-24T07:36:47+00:00","twitter_card":"summary_large_image","twitter_misc":{"Becs\u00fclt olvas\u00e1si id\u0151":"2 perc"},"schema":{"@context":"https:\/\/schema.org","@graph":[{"@type":"WebPage","@id":"https:\/\/maryyacht.hu\/index.php\/en\/our-packages\/","url":"https:\/\/maryyacht.hu\/index.php\/en\/our-packages\/","name":"Yacht b\u00e9rl\u00e9s a dun\u00e1n - Our packages - Mary Yacht","isPartOf":{"@id":"https:\/\/maryyacht.hu\/#website"},"datePublished":"2022-08-21T08:36:12+00:00","dateModified":"2023-05-24T07:36:47+00:00","description":"Szeretn\u00e9l egy feledhetetlen \u00e9lm\u00e9nyt \u00e1t\u00e9lni a bar\u00e1tokkal? L\u00e1nyk\u00e9r\u00e9s? L\u00e1nyb\u00facs\u00fa? Leg\u00e9nyb\u00facs\u00fa?Haj\u00f3 b\u00e9rl\u00e9s a dun\u00e1n! Tekintsd meg csomagjainkat.","breadcrumb":{"@id":"https:\/\/maryyacht.hu\/index.php\/en\/our-packages\/#breadcrumb"},"inLanguage":"hu","potentialAction":[{"@type":"ReadAction","target":["https:\/\/maryyacht.hu\/index.php\/en\/our-packages\/"]}]},{"@type":"BreadcrumbList","@id":"https:\/\/maryyacht.hu\/index.php\/en\/our-packages\/#breadcrumb","itemListElement":[{"@type":"ListItem","position":1,"name":"Kezd\u0151lap","item":"https:\/\/maryyacht.hu\/"},{"@type":"ListItem","position":2,"name":"Our packages"}]},{"@type":"WebSite","@id":"https:\/\/maryyacht.hu\/#website","url":"https:\/\/maryyacht.hu\/","name":"Mary Yacht","description":"Yacht b\u00e9rl\u00e9s","potentialAction":[{"@type":"SearchAction","target":{"@type":"EntryPoint","urlTemplate":"https:\/\/maryyacht.hu\/?s={search_term_string}"},"query-input":"required name=search_term_string"}],"inLanguage":"hu"}]}},"_links":{"self":[{"href":"https:\/\/maryyacht.hu\/index.php\/wp-json\/wp\/v2\/pages\/198"}],"collection":[{"href":"https:\/\/maryyacht.hu\/index.php\/wp-json\/wp\/v2\/pages"}],"about":[{"href":"https:\/\/maryyacht.hu\/index.php\/wp-json\/wp\/v2\/types\/page"}],"author":[{"embeddable":true,"href":"https:\/\/maryyacht.hu\/index.php\/wp-json\/wp\/v2\/users\/1"}],"replies":[{"embeddable":true,"href":"https:\/\/maryyacht.hu\/index.php\/wp-json\/wp\/v2\/comments?post=198"}],"version-history":[{"count":7,"href":"https:\/\/maryyacht.hu\/index.php\/wp-json\/wp\/v2\/pages\/198\/revisions"}],"predecessor-version":[{"id":262,"href":"https:\/\/maryyacht.hu\/index.php\/wp-json\/wp\/v2\/pages\/198\/revisions\/262"}],"wp:attachment":[{"href":"https:\/\/maryyacht.hu\/index.php\/wp-json\/wp\/v2\/media?parent=198"}],"curies":[{"name":"wp","href":"https:\/\/api.w.org\/{rel}","templated":true}]}}