{"id":205,"date":"2022-08-21T10:42:39","date_gmt":"2022-08-21T10:42:39","guid":{"rendered":"https:\/\/maryyacht.hu\/?page_id=205"},"modified":"2022-08-21T10:42:39","modified_gmt":"2022-08-21T10:42:39","slug":"contact","status":"publish","type":"page","link":"https:\/\/maryyacht.hu\/index.php\/en\/contact\/","title":{"rendered":"Contact"},"content":{"rendered":"<div>For rental or for booking queries, please find the contact information below:<\/div>\n<p><img loading=\"lazy\" decoding=\"async\" class=\"wp-image-152 size-medium\" src=\"https:\/\/maryyacht.hu\/wp-content\/uploads\/2022\/07\/Szekeres_Zsofia_kesz_2-149-masolata-300x300.jpg\" alt=\"Yacht b\u00e9rl\u00e9s dun\u00e1n leg\u00e9nyb\u00facs\u00fa l\u00e1nyb\u00facs\u00fa l\u00e1nyk\u00e9r\u00e9s csapat\u00e9p\u00edt\u00e9s haj\u00f3\" width=\"300\" height=\"300\" srcset=\"https:\/\/maryyacht.hu\/wp-content\/uploads\/2022\/07\/Szekeres_Zsofia_kesz_2-149-masolata-300x300.jpg 300w, https:\/\/maryyacht.hu\/wp-content\/uploads\/2022\/07\/Szekeres_Zsofia_kesz_2-149-masolata-1024x1024.jpg 1024w, https:\/\/maryyacht.hu\/wp-content\/uploads\/2022\/07\/Szekeres_Zsofia_kesz_2-149-masolata-150x150.jpg 150w, https:\/\/maryyacht.hu\/wp-content\/uploads\/2022\/07\/Szekeres_Zsofia_kesz_2-149-masolata-768x768.jpg 768w, https:\/\/maryyacht.hu\/wp-content\/uploads\/2022\/07\/Szekeres_Zsofia_kesz_2-149-masolata-1536x1536.jpg 1536w, https:\/\/maryyacht.hu\/wp-content\/uploads\/2022\/07\/Szekeres_Zsofia_kesz_2-149-masolata-2048x2048.jpg 2048w, https:\/\/maryyacht.hu\/wp-content\/uploads\/2022\/07\/Szekeres_Zsofia_kesz_2-149-masolata-920x920.jpg 920w, https:\/\/maryyacht.hu\/wp-content\/uploads\/2022\/07\/Szekeres_Zsofia_kesz_2-149-masolata-230x230.jpg 230w, https:\/\/maryyacht.hu\/wp-content\/uploads\/2022\/07\/Szekeres_Zsofia_kesz_2-149-masolata-350x350.jpg 350w, https:\/\/maryyacht.hu\/wp-content\/uploads\/2022\/07\/Szekeres_Zsofia_kesz_2-149-masolata-480x480.jpg 480w\" sizes=\"(max-width: 300px) 100vw, 300px\" \/><\/p>\n<p><strong>Dian D\u00e1niel \u2013 managing director<\/strong><br \/>\nTelephone: +36 70\/ 411-0001<\/p>\n<p>Email: info&#64;maryyac&#104;&#116;&#46;&#104;&#117;<\/p>\n<p>Customer Service by Phone: Monday- Friday 8:00-20:00<\/p>\n","protected":false},"excerpt":{"rendered":"<p>For rental or for booking queries, please find the contact information below: [&hellip;]<\/p>\n","protected":false},"author":1,"featured_media":0,"parent":0,"menu_order":0,"comment_status":"closed","ping_status":"closed","template":"","meta":{"footnotes":""},"class_list":["post-205","page","type-page","status-publish","hentry"],"yoast_head":"<!-- This site is optimized with the Yoast SEO plugin v19.6.1 - https:\/\/yoast.com\/wordpress\/plugins\/seo\/ -->\n<title>Contact - Mary Yacht<\/title>\n<meta name=\"robots\" content=\"index, follow, max-snippet:-1, max-image-preview:large, max-video-preview:-1\" \/>\n<link rel=\"canonical\" href=\"https:\/\/maryyacht.hu\/index.php\/en\/contact\/\" \/>\n<meta property=\"og:locale\" content=\"hu_HU\" \/>\n<meta property=\"og:type\" content=\"article\" \/>\n<meta property=\"og:title\" content=\"Contact - Mary Yacht\" \/>\n<meta property=\"og:description\" content=\"For rental or for booking queries, please find the contact information below: [&hellip;]\" \/>\n<meta property=\"og:url\" content=\"https:\/\/maryyacht.hu\/index.php\/en\/contact\/\" \/>\n<meta property=\"og:site_name\" content=\"Mary Yacht\" \/>\n<meta property=\"og:image\" content=\"https:\/\/maryyacht.hu\/wp-content\/uploads\/2022\/07\/Szekeres_Zsofia_kesz_2-149-masolata-300x300.jpg\" \/>\n<meta name=\"twitter:card\" content=\"summary_large_image\" \/>\n<script type=\"application\/ld+json\" class=\"yoast-schema-graph\">{\"@context\":\"https:\/\/schema.org\",\"@graph\":[{\"@type\":\"WebPage\",\"@id\":\"https:\/\/maryyacht.hu\/index.php\/en\/contact\/\",\"url\":\"https:\/\/maryyacht.hu\/index.php\/en\/contact\/\",\"name\":\"Contact - Mary Yacht\",\"isPartOf\":{\"@id\":\"https:\/\/maryyacht.hu\/#website\"},\"datePublished\":\"2022-08-21T10:42:39+00:00\",\"dateModified\":\"2022-08-21T10:42:39+00:00\",\"breadcrumb\":{\"@id\":\"https:\/\/maryyacht.hu\/index.php\/en\/contact\/#breadcrumb\"},\"inLanguage\":\"hu\",\"potentialAction\":[{\"@type\":\"ReadAction\",\"target\":[\"https:\/\/maryyacht.hu\/index.php\/en\/contact\/\"]}]},{\"@type\":\"BreadcrumbList\",\"@id\":\"https:\/\/maryyacht.hu\/index.php\/en\/contact\/#breadcrumb\",\"itemListElement\":[{\"@type\":\"ListItem\",\"position\":1,\"name\":\"Kezd\u0151lap\",\"item\":\"https:\/\/maryyacht.hu\/\"},{\"@type\":\"ListItem\",\"position\":2,\"name\":\"Contact\"}]},{\"@type\":\"WebSite\",\"@id\":\"https:\/\/maryyacht.hu\/#website\",\"url\":\"https:\/\/maryyacht.hu\/\",\"name\":\"Mary Yacht\",\"description\":\"Yacht b\u00e9rl\u00e9s\",\"potentialAction\":[{\"@type\":\"SearchAction\",\"target\":{\"@type\":\"EntryPoint\",\"urlTemplate\":\"https:\/\/maryyacht.hu\/?s={search_term_string}\"},\"query-input\":\"required name=search_term_string\"}],\"inLanguage\":\"hu\"}]}<\/script>\n<!-- \/ Yoast SEO plugin. -->","yoast_head_json":{"title":"Contact - Mary Yacht","robots":{"index":"index","follow":"follow","max-snippet":"max-snippet:-1","max-image-preview":"max-image-preview:large","max-video-preview":"max-video-preview:-1"},"canonical":"https:\/\/maryyacht.hu\/index.php\/en\/contact\/","og_locale":"hu_HU","og_type":"article","og_title":"Contact - Mary Yacht","og_description":"For rental or for booking queries, please find the contact information below: [&hellip;]","og_url":"https:\/\/maryyacht.hu\/index.php\/en\/contact\/","og_site_name":"Mary Yacht","og_image":[{"url":"https:\/\/maryyacht.hu\/wp-content\/uploads\/2022\/07\/Szekeres_Zsofia_kesz_2-149-masolata-300x300.jpg"}],"twitter_card":"summary_large_image","schema":{"@context":"https:\/\/schema.org","@graph":[{"@type":"WebPage","@id":"https:\/\/maryyacht.hu\/index.php\/en\/contact\/","url":"https:\/\/maryyacht.hu\/index.php\/en\/contact\/","name":"Contact - Mary Yacht","isPartOf":{"@id":"https:\/\/maryyacht.hu\/#website"},"datePublished":"2022-08-21T10:42:39+00:00","dateModified":"2022-08-21T10:42:39+00:00","breadcrumb":{"@id":"https:\/\/maryyacht.hu\/index.php\/en\/contact\/#breadcrumb"},"inLanguage":"hu","potentialAction":[{"@type":"ReadAction","target":["https:\/\/maryyacht.hu\/index.php\/en\/contact\/"]}]},{"@type":"BreadcrumbList","@id":"https:\/\/maryyacht.hu\/index.php\/en\/contact\/#breadcrumb","itemListElement":[{"@type":"ListItem","position":1,"name":"Kezd\u0151lap","item":"https:\/\/maryyacht.hu\/"},{"@type":"ListItem","position":2,"name":"Contact"}]},{"@type":"WebSite","@id":"https:\/\/maryyacht.hu\/#website","url":"https:\/\/maryyacht.hu\/","name":"Mary Yacht","description":"Yacht b\u00e9rl\u00e9s","potentialAction":[{"@type":"SearchAction","target":{"@type":"EntryPoint","urlTemplate":"https:\/\/maryyacht.hu\/?s={search_term_string}"},"query-input":"required name=search_term_string"}],"inLanguage":"hu"}]}},"_links":{"self":[{"href":"https:\/\/maryyacht.hu\/index.php\/wp-json\/wp\/v2\/pages\/205"}],"collection":[{"href":"https:\/\/maryyacht.hu\/index.php\/wp-json\/wp\/v2\/pages"}],"about":[{"href":"https:\/\/maryyacht.hu\/index.php\/wp-json\/wp\/v2\/types\/page"}],"author":[{"embeddable":true,"href":"https:\/\/maryyacht.hu\/index.php\/wp-json\/wp\/v2\/users\/1"}],"replies":[{"embeddable":true,"href":"https:\/\/maryyacht.hu\/index.php\/wp-json\/wp\/v2\/comments?post=205"}],"version-history":[{"count":1,"href":"https:\/\/maryyacht.hu\/index.php\/wp-json\/wp\/v2\/pages\/205\/revisions"}],"predecessor-version":[{"id":206,"href":"https:\/\/maryyacht.hu\/index.php\/wp-json\/wp\/v2\/pages\/205\/revisions\/206"}],"wp:attachment":[{"href":"https:\/\/maryyacht.hu\/index.php\/wp-json\/wp\/v2\/media?parent=205"}],"curies":[{"name":"wp","href":"https:\/\/api.w.org\/{rel}","templated":true}]}}