{"id":235,"date":"2022-08-21T12:12:16","date_gmt":"2022-08-21T12:12:16","guid":{"rendered":"https:\/\/maryyacht.hu\/?page_id=235"},"modified":"2022-08-21T12:12:16","modified_gmt":"2022-08-21T12:12:16","slug":"gallery","status":"publish","type":"page","link":"https:\/\/maryyacht.hu\/index.php\/en\/gallery\/","title":{"rendered":"Gallery"},"content":{"rendered":"<div class=\"rgg-container\" data-rgg-id=\"1\">    <div class=\"rgg-imagegrid captions-title captions-effect-none \" data-rgg-id=\"1\">\n                    <a href=\"https:\/\/maryyacht.hu\/wp-content\/uploads\/2022\/07\/Szekeres_Zsofia_kesz_2-152-1024x683.jpg\" data-rel=\"rgg\" rel=\"rgg\" title=\"\" class=\"rgg-simplelightbox size-large rgg-img\" data-src=\"https:\/\/maryyacht.hu\/wp-content\/uploads\/2022\/07\/Szekeres_Zsofia_kesz_2-152-1024x683.jpg\" data-ratio=\"1.4992679355783\" data-height=\"683\" data-width=\"1024\" aria-label=\"Yacht b\u00e9rl\u00e9s dun\u00e1n leg\u00e9nyb\u00facs\u00fa l\u00e1nyb\u00facs\u00fa l\u00e1nyk\u00e9r\u00e9s csapat\u00e9p\u00edt\u00e9s haj\u00f3\">\n                            <\/a>\n                    <a href=\"https:\/\/maryyacht.hu\/wp-content\/uploads\/2022\/07\/Szekeres_Zsofia_kesz_2-147-1024x683.jpg\" data-rel=\"rgg\" rel=\"rgg\" title=\"\" class=\"rgg-simplelightbox size-large rgg-img\" data-src=\"https:\/\/maryyacht.hu\/wp-content\/uploads\/2022\/07\/Szekeres_Zsofia_kesz_2-147-1024x683.jpg\" data-ratio=\"1.4992679355783\" data-height=\"683\" data-width=\"1024\" aria-label=\"Yacht b\u00e9rl\u00e9s dun\u00e1n leg\u00e9nyb\u00facs\u00fa l\u00e1nyb\u00facs\u00fa l\u00e1nyk\u00e9r\u00e9s csapat\u00e9p\u00edt\u00e9s haj\u00f3\">\n                            <\/a>\n                    <a href=\"https:\/\/maryyacht.hu\/wp-content\/uploads\/2022\/07\/Szekeres_Zsofia_kesz_2-133-1024x683.jpg\" data-rel=\"rgg\" rel=\"rgg\" title=\"\" class=\"rgg-simplelightbox size-large rgg-img\" data-src=\"https:\/\/maryyacht.hu\/wp-content\/uploads\/2022\/07\/Szekeres_Zsofia_kesz_2-133-1024x683.jpg\" data-ratio=\"1.4992679355783\" data-height=\"683\" data-width=\"1024\" aria-label=\"Yacht b\u00e9rl\u00e9s dun\u00e1n leg\u00e9nyb\u00facs\u00fa l\u00e1nyb\u00facs\u00fa l\u00e1nyk\u00e9r\u00e9s csapat\u00e9p\u00edt\u00e9s haj\u00f3\">\n                            <\/a>\n                    <a href=\"https:\/\/maryyacht.hu\/wp-content\/uploads\/2022\/07\/Szekeres_Zsofia_kesz_2-74-1024x683.jpg\" data-rel=\"rgg\" rel=\"rgg\" title=\"\" class=\"rgg-simplelightbox size-large rgg-img\" data-src=\"https:\/\/maryyacht.hu\/wp-content\/uploads\/2022\/07\/Szekeres_Zsofia_kesz_2-74-1024x683.jpg\" data-ratio=\"1.4992679355783\" data-height=\"683\" data-width=\"1024\" aria-label=\"Yacht b\u00e9rl\u00e9s dun\u00e1n leg\u00e9nyb\u00facs\u00fa l\u00e1nyb\u00facs\u00fa l\u00e1nyk\u00e9r\u00e9s csapat\u00e9p\u00edt\u00e9s haj\u00f3\">\n                            <\/a>\n                    <a href=\"https:\/\/maryyacht.hu\/wp-content\/uploads\/2022\/07\/Szekeres_Zsofia_kesz_2-57-1024x683.jpg\" data-rel=\"rgg\" rel=\"rgg\" title=\"\" class=\"rgg-simplelightbox size-large rgg-img\" data-src=\"https:\/\/maryyacht.hu\/wp-content\/uploads\/2022\/07\/Szekeres_Zsofia_kesz_2-57-1024x683.jpg\" data-ratio=\"1.4992679355783\" data-height=\"683\" data-width=\"1024\" aria-label=\"Yacht b\u00e9rl\u00e9s dun\u00e1n leg\u00e9nyb\u00facs\u00fa l\u00e1nyb\u00facs\u00fa l\u00e1nyk\u00e9r\u00e9s csapat\u00e9p\u00edt\u00e9s haj\u00f3\">\n                            <\/a>\n                    <a href=\"https:\/\/maryyacht.hu\/wp-content\/uploads\/2022\/07\/Szekeres_Zsofia_kesz_2-55-1024x683.jpg\" data-rel=\"rgg\" rel=\"rgg\" title=\"\" class=\"rgg-simplelightbox size-large rgg-img\" data-src=\"https:\/\/maryyacht.hu\/wp-content\/uploads\/2022\/07\/Szekeres_Zsofia_kesz_2-55-1024x683.jpg\" data-ratio=\"1.4992679355783\" data-height=\"683\" data-width=\"1024\" aria-label=\"Yacht b\u00e9rl\u00e9s dun\u00e1n leg\u00e9nyb\u00facs\u00fa l\u00e1nyb\u00facs\u00fa l\u00e1nyk\u00e9r\u00e9s csapat\u00e9p\u00edt\u00e9s haj\u00f3\">\n                            <\/a>\n                    <a href=\"https:\/\/maryyacht.hu\/wp-content\/uploads\/2022\/07\/Szekeres_Zsofia_kesz_2-88-1024x683.jpg\" data-rel=\"rgg\" rel=\"rgg\" title=\"\" class=\"rgg-simplelightbox size-large rgg-img\" data-src=\"https:\/\/maryyacht.hu\/wp-content\/uploads\/2022\/07\/Szekeres_Zsofia_kesz_2-88-1024x683.jpg\" data-ratio=\"1.4992679355783\" data-height=\"683\" data-width=\"1024\" aria-label=\"Yacht b\u00e9rl\u00e9s dun\u00e1n leg\u00e9nyb\u00facs\u00fa l\u00e1nyb\u00facs\u00fa l\u00e1nyk\u00e9r\u00e9s csapat\u00e9p\u00edt\u00e9s haj\u00f3\">\n                            <\/a>\n                    <a href=\"https:\/\/maryyacht.hu\/wp-content\/uploads\/2022\/07\/Szekeres_Zsofia_kesz_2-47-1024x683.jpg\" data-rel=\"rgg\" rel=\"rgg\" title=\"\" class=\"rgg-simplelightbox size-large rgg-img\" data-src=\"https:\/\/maryyacht.hu\/wp-content\/uploads\/2022\/07\/Szekeres_Zsofia_kesz_2-47-1024x683.jpg\" data-ratio=\"1.4992679355783\" data-height=\"683\" data-width=\"1024\" aria-label=\"Yacht b\u00e9rl\u00e9s dun\u00e1n leg\u00e9nyb\u00facs\u00fa l\u00e1nyb\u00facs\u00fa l\u00e1nyk\u00e9r\u00e9s csapat\u00e9p\u00edt\u00e9s haj\u00f3\">\n                            <\/a>\n                    <a href=\"https:\/\/maryyacht.hu\/wp-content\/uploads\/2022\/07\/Szekeres_Zsofia_kesz_2-38-1024x683.jpg\" data-rel=\"rgg\" rel=\"rgg\" title=\"\" class=\"rgg-simplelightbox size-large rgg-img\" data-src=\"https:\/\/maryyacht.hu\/wp-content\/uploads\/2022\/07\/Szekeres_Zsofia_kesz_2-38-1024x683.jpg\" data-ratio=\"1.4992679355783\" data-height=\"683\" data-width=\"1024\" aria-label=\"Yacht b\u00e9rl\u00e9s dun\u00e1n leg\u00e9nyb\u00facs\u00fa l\u00e1nyb\u00facs\u00fa l\u00e1nyk\u00e9r\u00e9s csapat\u00e9p\u00edt\u00e9s haj\u00f3\">\n                            <\/a>\n                    <a href=\"https:\/\/maryyacht.hu\/wp-content\/uploads\/2022\/07\/Szekeres_Zsofia_kesz_2-105-1024x683.jpg\" data-rel=\"rgg\" rel=\"rgg\" title=\"\" class=\"rgg-simplelightbox size-large rgg-img\" data-src=\"https:\/\/maryyacht.hu\/wp-content\/uploads\/2022\/07\/Szekeres_Zsofia_kesz_2-105-1024x683.jpg\" data-ratio=\"1.4992679355783\" data-height=\"683\" data-width=\"1024\" aria-label=\"Yacht b\u00e9rl\u00e9s dun\u00e1n leg\u00e9nyb\u00facs\u00fa l\u00e1nyb\u00facs\u00fa l\u00e1nyk\u00e9r\u00e9s csapat\u00e9p\u00edt\u00e9s haj\u00f3\">\n                            <\/a>\n                    <a href=\"https:\/\/maryyacht.hu\/wp-content\/uploads\/2022\/07\/Szekeres_Zsofia_kesz_2-20-1024x683.jpg\" data-rel=\"rgg\" rel=\"rgg\" title=\"\" class=\"rgg-simplelightbox size-large rgg-img\" data-src=\"https:\/\/maryyacht.hu\/wp-content\/uploads\/2022\/07\/Szekeres_Zsofia_kesz_2-20-1024x683.jpg\" data-ratio=\"1.4992679355783\" data-height=\"683\" data-width=\"1024\" aria-label=\"Yacht b\u00e9rl\u00e9s dun\u00e1n leg\u00e9nyb\u00facs\u00fa l\u00e1nyb\u00facs\u00fa l\u00e1nyk\u00e9r\u00e9s csapat\u00e9p\u00edt\u00e9s haj\u00f3\">\n                            <\/a>\n                    <a href=\"https:\/\/maryyacht.hu\/wp-content\/uploads\/2022\/07\/Szekeres_Zsofia_kesz_2-15-1024x683.jpg\" data-rel=\"rgg\" rel=\"rgg\" title=\"\" class=\"rgg-simplelightbox size-large rgg-img\" data-src=\"https:\/\/maryyacht.hu\/wp-content\/uploads\/2022\/07\/Szekeres_Zsofia_kesz_2-15-1024x683.jpg\" data-ratio=\"1.4992679355783\" data-height=\"683\" data-width=\"1024\" aria-label=\"Yacht b\u00e9rl\u00e9s dun\u00e1n leg\u00e9nyb\u00facs\u00fa l\u00e1nyb\u00facs\u00fa l\u00e1nyk\u00e9r\u00e9s csapat\u00e9p\u00edt\u00e9s haj\u00f3\">\n                            <\/a>\n                    <a href=\"https:\/\/maryyacht.hu\/wp-content\/uploads\/2022\/07\/Szekeres_Zsofia_kesz_2-10-1024x683.jpg\" data-rel=\"rgg\" rel=\"rgg\" title=\"\" class=\"rgg-simplelightbox size-large rgg-img\" data-src=\"https:\/\/maryyacht.hu\/wp-content\/uploads\/2022\/07\/Szekeres_Zsofia_kesz_2-10-1024x683.jpg\" data-ratio=\"1.4992679355783\" data-height=\"683\" data-width=\"1024\" aria-label=\"Yacht b\u00e9rl\u00e9s dun\u00e1n leg\u00e9nyb\u00facs\u00fa l\u00e1nyb\u00facs\u00fa l\u00e1nyk\u00e9r\u00e9s csapat\u00e9p\u00edt\u00e9s haj\u00f3\">\n                            <\/a>\n                    <a href=\"https:\/\/maryyacht.hu\/wp-content\/uploads\/2022\/07\/Szekeres_Zsofia_kesz_2-126-1024x683.jpg\" data-rel=\"rgg\" rel=\"rgg\" title=\"\" class=\"rgg-simplelightbox size-large rgg-img\" data-src=\"https:\/\/maryyacht.hu\/wp-content\/uploads\/2022\/07\/Szekeres_Zsofia_kesz_2-126-1024x683.jpg\" data-ratio=\"1.4992679355783\" data-height=\"683\" data-width=\"1024\" aria-label=\"Yacht b\u00e9rl\u00e9s dun\u00e1n leg\u00e9nyb\u00facs\u00fa l\u00e1nyb\u00facs\u00fa l\u00e1nyk\u00e9r\u00e9s csapat\u00e9p\u00edt\u00e9s haj\u00f3\">\n                            <\/a>\n            <\/div>\n<\/div>\n","protected":false},"excerpt":{"rendered":"","protected":false},"author":1,"featured_media":0,"parent":0,"menu_order":0,"comment_status":"closed","ping_status":"closed","template":"","meta":{"footnotes":""},"class_list":["post-235","page","type-page","status-publish","hentry"],"yoast_head":"<!-- This site is optimized with the Yoast SEO plugin v19.6.1 - https:\/\/yoast.com\/wordpress\/plugins\/seo\/ -->\n<title>Gallery - Mary Yacht<\/title>\n<meta name=\"robots\" content=\"index, follow, max-snippet:-1, max-image-preview:large, max-video-preview:-1\" \/>\n<link rel=\"canonical\" href=\"https:\/\/maryyacht.hu\/index.php\/en\/gallery\/\" \/>\n<meta property=\"og:locale\" content=\"hu_HU\" \/>\n<meta property=\"og:type\" content=\"article\" \/>\n<meta property=\"og:title\" content=\"Gallery - Mary Yacht\" \/>\n<meta property=\"og:url\" content=\"https:\/\/maryyacht.hu\/index.php\/en\/gallery\/\" \/>\n<meta property=\"og:site_name\" content=\"Mary Yacht\" \/>\n<meta property=\"og:image\" content=\"https:\/\/maryyacht.hu\/wp-content\/uploads\/2022\/07\/Szekeres_Zsofia_kesz_2-152-1024x683.jpg\" \/>\n<meta name=\"twitter:card\" content=\"summary_large_image\" \/>\n<script type=\"application\/ld+json\" class=\"yoast-schema-graph\">{\"@context\":\"https:\/\/schema.org\",\"@graph\":[{\"@type\":\"WebPage\",\"@id\":\"https:\/\/maryyacht.hu\/index.php\/en\/gallery\/\",\"url\":\"https:\/\/maryyacht.hu\/index.php\/en\/gallery\/\",\"name\":\"Gallery - Mary Yacht\",\"isPartOf\":{\"@id\":\"https:\/\/maryyacht.hu\/#website\"},\"datePublished\":\"2022-08-21T12:12:16+00:00\",\"dateModified\":\"2022-08-21T12:12:16+00:00\",\"breadcrumb\":{\"@id\":\"https:\/\/maryyacht.hu\/index.php\/en\/gallery\/#breadcrumb\"},\"inLanguage\":\"hu\",\"potentialAction\":[{\"@type\":\"ReadAction\",\"target\":[\"https:\/\/maryyacht.hu\/index.php\/en\/gallery\/\"]}]},{\"@type\":\"BreadcrumbList\",\"@id\":\"https:\/\/maryyacht.hu\/index.php\/en\/gallery\/#breadcrumb\",\"itemListElement\":[{\"@type\":\"ListItem\",\"position\":1,\"name\":\"Kezd\u0151lap\",\"item\":\"https:\/\/maryyacht.hu\/\"},{\"@type\":\"ListItem\",\"position\":2,\"name\":\"Gallery\"}]},{\"@type\":\"WebSite\",\"@id\":\"https:\/\/maryyacht.hu\/#website\",\"url\":\"https:\/\/maryyacht.hu\/\",\"name\":\"Mary Yacht\",\"description\":\"Yacht b\u00e9rl\u00e9s\",\"potentialAction\":[{\"@type\":\"SearchAction\",\"target\":{\"@type\":\"EntryPoint\",\"urlTemplate\":\"https:\/\/maryyacht.hu\/?s={search_term_string}\"},\"query-input\":\"required name=search_term_string\"}],\"inLanguage\":\"hu\"}]}<\/script>\n<!-- \/ Yoast SEO plugin. -->","yoast_head_json":{"title":"Gallery - Mary Yacht","robots":{"index":"index","follow":"follow","max-snippet":"max-snippet:-1","max-image-preview":"max-image-preview:large","max-video-preview":"max-video-preview:-1"},"canonical":"https:\/\/maryyacht.hu\/index.php\/en\/gallery\/","og_locale":"hu_HU","og_type":"article","og_title":"Gallery - Mary Yacht","og_url":"https:\/\/maryyacht.hu\/index.php\/en\/gallery\/","og_site_name":"Mary Yacht","og_image":[{"url":"https:\/\/maryyacht.hu\/wp-content\/uploads\/2022\/07\/Szekeres_Zsofia_kesz_2-152-1024x683.jpg"}],"twitter_card":"summary_large_image","schema":{"@context":"https:\/\/schema.org","@graph":[{"@type":"WebPage","@id":"https:\/\/maryyacht.hu\/index.php\/en\/gallery\/","url":"https:\/\/maryyacht.hu\/index.php\/en\/gallery\/","name":"Gallery - Mary Yacht","isPartOf":{"@id":"https:\/\/maryyacht.hu\/#website"},"datePublished":"2022-08-21T12:12:16+00:00","dateModified":"2022-08-21T12:12:16+00:00","breadcrumb":{"@id":"https:\/\/maryyacht.hu\/index.php\/en\/gallery\/#breadcrumb"},"inLanguage":"hu","potentialAction":[{"@type":"ReadAction","target":["https:\/\/maryyacht.hu\/index.php\/en\/gallery\/"]}]},{"@type":"BreadcrumbList","@id":"https:\/\/maryyacht.hu\/index.php\/en\/gallery\/#breadcrumb","itemListElement":[{"@type":"ListItem","position":1,"name":"Kezd\u0151lap","item":"https:\/\/maryyacht.hu\/"},{"@type":"ListItem","position":2,"name":"Gallery"}]},{"@type":"WebSite","@id":"https:\/\/maryyacht.hu\/#website","url":"https:\/\/maryyacht.hu\/","name":"Mary Yacht","description":"Yacht b\u00e9rl\u00e9s","potentialAction":[{"@type":"SearchAction","target":{"@type":"EntryPoint","urlTemplate":"https:\/\/maryyacht.hu\/?s={search_term_string}"},"query-input":"required name=search_term_string"}],"inLanguage":"hu"}]}},"_links":{"self":[{"href":"https:\/\/maryyacht.hu\/index.php\/wp-json\/wp\/v2\/pages\/235"}],"collection":[{"href":"https:\/\/maryyacht.hu\/index.php\/wp-json\/wp\/v2\/pages"}],"about":[{"href":"https:\/\/maryyacht.hu\/index.php\/wp-json\/wp\/v2\/types\/page"}],"author":[{"embeddable":true,"href":"https:\/\/maryyacht.hu\/index.php\/wp-json\/wp\/v2\/users\/1"}],"replies":[{"embeddable":true,"href":"https:\/\/maryyacht.hu\/index.php\/wp-json\/wp\/v2\/comments?post=235"}],"version-history":[{"count":1,"href":"https:\/\/maryyacht.hu\/index.php\/wp-json\/wp\/v2\/pages\/235\/revisions"}],"predecessor-version":[{"id":236,"href":"https:\/\/maryyacht.hu\/index.php\/wp-json\/wp\/v2\/pages\/235\/revisions\/236"}],"wp:attachment":[{"href":"https:\/\/maryyacht.hu\/index.php\/wp-json\/wp\/v2\/media?parent=235"}],"curies":[{"name":"wp","href":"https:\/\/api.w.org\/{rel}","templated":true}]}}