{"id":31,"date":"2022-04-08T09:43:14","date_gmt":"2022-04-08T09:43:14","guid":{"rendered":"https:\/\/maryyacht.hu\/?page_id=31"},"modified":"2022-07-05T11:42:09","modified_gmt":"2022-07-05T11:42:09","slug":"galeria","status":"publish","type":"page","link":"https:\/\/maryyacht.hu\/index.php\/galeria\/","title":{"rendered":"Gal\u00e9ria"},"content":{"rendered":"<div class=\"rgg-container\" data-rgg-id=\"1\">    <div class=\"rgg-imagegrid captions-title captions-effect-none \" data-rgg-id=\"1\">\n                    <a href=\"https:\/\/maryyacht.hu\/wp-content\/uploads\/2022\/07\/Szekeres_Zsofia_kesz_2-152-1024x683.jpg\" data-rel=\"rgg\" rel=\"rgg\" title=\"\" class=\"rgg-simplelightbox size-large rgg-img\" data-src=\"https:\/\/maryyacht.hu\/wp-content\/uploads\/2022\/07\/Szekeres_Zsofia_kesz_2-152-1024x683.jpg\" data-ratio=\"1.4992679355783\" data-height=\"683\" data-width=\"1024\" aria-label=\"Yacht b\u00e9rl\u00e9s dun\u00e1n leg\u00e9nyb\u00facs\u00fa l\u00e1nyb\u00facs\u00fa l\u00e1nyk\u00e9r\u00e9s csapat\u00e9p\u00edt\u00e9s haj\u00f3\">\n                            <\/a>\n                    <a href=\"https:\/\/maryyacht.hu\/wp-content\/uploads\/2022\/07\/Szekeres_Zsofia_kesz_2-147-1024x683.jpg\" data-rel=\"rgg\" rel=\"rgg\" title=\"\" class=\"rgg-simplelightbox size-large rgg-img\" data-src=\"https:\/\/maryyacht.hu\/wp-content\/uploads\/2022\/07\/Szekeres_Zsofia_kesz_2-147-1024x683.jpg\" data-ratio=\"1.4992679355783\" data-height=\"683\" data-width=\"1024\" aria-label=\"Yacht b\u00e9rl\u00e9s dun\u00e1n leg\u00e9nyb\u00facs\u00fa l\u00e1nyb\u00facs\u00fa l\u00e1nyk\u00e9r\u00e9s csapat\u00e9p\u00edt\u00e9s haj\u00f3\">\n                            <\/a>\n                    <a href=\"https:\/\/maryyacht.hu\/wp-content\/uploads\/2022\/07\/Szekeres_Zsofia_kesz_2-133-1024x683.jpg\" data-rel=\"rgg\" rel=\"rgg\" title=\"\" class=\"rgg-simplelightbox size-large rgg-img\" data-src=\"https:\/\/maryyacht.hu\/wp-content\/uploads\/2022\/07\/Szekeres_Zsofia_kesz_2-133-1024x683.jpg\" data-ratio=\"1.4992679355783\" data-height=\"683\" data-width=\"1024\" aria-label=\"Yacht b\u00e9rl\u00e9s dun\u00e1n leg\u00e9nyb\u00facs\u00fa l\u00e1nyb\u00facs\u00fa l\u00e1nyk\u00e9r\u00e9s csapat\u00e9p\u00edt\u00e9s haj\u00f3\">\n                            <\/a>\n                    <a href=\"https:\/\/maryyacht.hu\/wp-content\/uploads\/2022\/07\/Szekeres_Zsofia_kesz_2-74-1024x683.jpg\" data-rel=\"rgg\" rel=\"rgg\" title=\"\" class=\"rgg-simplelightbox size-large rgg-img\" data-src=\"https:\/\/maryyacht.hu\/wp-content\/uploads\/2022\/07\/Szekeres_Zsofia_kesz_2-74-1024x683.jpg\" data-ratio=\"1.4992679355783\" data-height=\"683\" data-width=\"1024\" aria-label=\"Yacht b\u00e9rl\u00e9s dun\u00e1n leg\u00e9nyb\u00facs\u00fa l\u00e1nyb\u00facs\u00fa l\u00e1nyk\u00e9r\u00e9s csapat\u00e9p\u00edt\u00e9s haj\u00f3\">\n                            <\/a>\n                    <a href=\"https:\/\/maryyacht.hu\/wp-content\/uploads\/2022\/07\/Szekeres_Zsofia_kesz_2-57-1024x683.jpg\" data-rel=\"rgg\" rel=\"rgg\" title=\"\" class=\"rgg-simplelightbox size-large rgg-img\" data-src=\"https:\/\/maryyacht.hu\/wp-content\/uploads\/2022\/07\/Szekeres_Zsofia_kesz_2-57-1024x683.jpg\" data-ratio=\"1.4992679355783\" data-height=\"683\" data-width=\"1024\" aria-label=\"Yacht b\u00e9rl\u00e9s dun\u00e1n leg\u00e9nyb\u00facs\u00fa l\u00e1nyb\u00facs\u00fa l\u00e1nyk\u00e9r\u00e9s csapat\u00e9p\u00edt\u00e9s haj\u00f3\">\n                            <\/a>\n                    <a href=\"https:\/\/maryyacht.hu\/wp-content\/uploads\/2022\/07\/Szekeres_Zsofia_kesz_2-55-1024x683.jpg\" data-rel=\"rgg\" rel=\"rgg\" title=\"\" class=\"rgg-simplelightbox size-large rgg-img\" data-src=\"https:\/\/maryyacht.hu\/wp-content\/uploads\/2022\/07\/Szekeres_Zsofia_kesz_2-55-1024x683.jpg\" data-ratio=\"1.4992679355783\" data-height=\"683\" data-width=\"1024\" aria-label=\"Yacht b\u00e9rl\u00e9s dun\u00e1n leg\u00e9nyb\u00facs\u00fa l\u00e1nyb\u00facs\u00fa l\u00e1nyk\u00e9r\u00e9s csapat\u00e9p\u00edt\u00e9s haj\u00f3\">\n                            <\/a>\n                    <a href=\"https:\/\/maryyacht.hu\/wp-content\/uploads\/2022\/07\/Szekeres_Zsofia_kesz_2-88-1024x683.jpg\" data-rel=\"rgg\" rel=\"rgg\" title=\"\" class=\"rgg-simplelightbox size-large rgg-img\" data-src=\"https:\/\/maryyacht.hu\/wp-content\/uploads\/2022\/07\/Szekeres_Zsofia_kesz_2-88-1024x683.jpg\" data-ratio=\"1.4992679355783\" data-height=\"683\" data-width=\"1024\" aria-label=\"Yacht b\u00e9rl\u00e9s dun\u00e1n leg\u00e9nyb\u00facs\u00fa l\u00e1nyb\u00facs\u00fa l\u00e1nyk\u00e9r\u00e9s csapat\u00e9p\u00edt\u00e9s haj\u00f3\">\n                            <\/a>\n                    <a href=\"https:\/\/maryyacht.hu\/wp-content\/uploads\/2022\/07\/Szekeres_Zsofia_kesz_2-47-1024x683.jpg\" data-rel=\"rgg\" rel=\"rgg\" title=\"\" class=\"rgg-simplelightbox size-large rgg-img\" data-src=\"https:\/\/maryyacht.hu\/wp-content\/uploads\/2022\/07\/Szekeres_Zsofia_kesz_2-47-1024x683.jpg\" data-ratio=\"1.4992679355783\" data-height=\"683\" data-width=\"1024\" aria-label=\"Yacht b\u00e9rl\u00e9s dun\u00e1n leg\u00e9nyb\u00facs\u00fa l\u00e1nyb\u00facs\u00fa l\u00e1nyk\u00e9r\u00e9s csapat\u00e9p\u00edt\u00e9s haj\u00f3\">\n                            <\/a>\n                    <a href=\"https:\/\/maryyacht.hu\/wp-content\/uploads\/2022\/07\/Szekeres_Zsofia_kesz_2-38-1024x683.jpg\" data-rel=\"rgg\" rel=\"rgg\" title=\"\" class=\"rgg-simplelightbox size-large rgg-img\" data-src=\"https:\/\/maryyacht.hu\/wp-content\/uploads\/2022\/07\/Szekeres_Zsofia_kesz_2-38-1024x683.jpg\" data-ratio=\"1.4992679355783\" data-height=\"683\" data-width=\"1024\" aria-label=\"Yacht b\u00e9rl\u00e9s dun\u00e1n leg\u00e9nyb\u00facs\u00fa l\u00e1nyb\u00facs\u00fa l\u00e1nyk\u00e9r\u00e9s csapat\u00e9p\u00edt\u00e9s haj\u00f3\">\n                            <\/a>\n                    <a href=\"https:\/\/maryyacht.hu\/wp-content\/uploads\/2022\/07\/Szekeres_Zsofia_kesz_2-105-1024x683.jpg\" data-rel=\"rgg\" rel=\"rgg\" title=\"\" class=\"rgg-simplelightbox size-large rgg-img\" data-src=\"https:\/\/maryyacht.hu\/wp-content\/uploads\/2022\/07\/Szekeres_Zsofia_kesz_2-105-1024x683.jpg\" data-ratio=\"1.4992679355783\" data-height=\"683\" data-width=\"1024\" aria-label=\"Yacht b\u00e9rl\u00e9s dun\u00e1n leg\u00e9nyb\u00facs\u00fa l\u00e1nyb\u00facs\u00fa l\u00e1nyk\u00e9r\u00e9s csapat\u00e9p\u00edt\u00e9s haj\u00f3\">\n                            <\/a>\n                    <a href=\"https:\/\/maryyacht.hu\/wp-content\/uploads\/2022\/07\/Szekeres_Zsofia_kesz_2-20-1024x683.jpg\" data-rel=\"rgg\" rel=\"rgg\" title=\"\" class=\"rgg-simplelightbox size-large rgg-img\" data-src=\"https:\/\/maryyacht.hu\/wp-content\/uploads\/2022\/07\/Szekeres_Zsofia_kesz_2-20-1024x683.jpg\" data-ratio=\"1.4992679355783\" data-height=\"683\" data-width=\"1024\" aria-label=\"Yacht b\u00e9rl\u00e9s dun\u00e1n leg\u00e9nyb\u00facs\u00fa l\u00e1nyb\u00facs\u00fa l\u00e1nyk\u00e9r\u00e9s csapat\u00e9p\u00edt\u00e9s haj\u00f3\">\n                            <\/a>\n                    <a href=\"https:\/\/maryyacht.hu\/wp-content\/uploads\/2022\/07\/Szekeres_Zsofia_kesz_2-15-1024x683.jpg\" data-rel=\"rgg\" rel=\"rgg\" title=\"\" class=\"rgg-simplelightbox size-large rgg-img\" data-src=\"https:\/\/maryyacht.hu\/wp-content\/uploads\/2022\/07\/Szekeres_Zsofia_kesz_2-15-1024x683.jpg\" data-ratio=\"1.4992679355783\" data-height=\"683\" data-width=\"1024\" aria-label=\"Yacht b\u00e9rl\u00e9s dun\u00e1n leg\u00e9nyb\u00facs\u00fa l\u00e1nyb\u00facs\u00fa l\u00e1nyk\u00e9r\u00e9s csapat\u00e9p\u00edt\u00e9s haj\u00f3\">\n                            <\/a>\n                    <a href=\"https:\/\/maryyacht.hu\/wp-content\/uploads\/2022\/07\/Szekeres_Zsofia_kesz_2-10-1024x683.jpg\" data-rel=\"rgg\" rel=\"rgg\" title=\"\" class=\"rgg-simplelightbox size-large rgg-img\" data-src=\"https:\/\/maryyacht.hu\/wp-content\/uploads\/2022\/07\/Szekeres_Zsofia_kesz_2-10-1024x683.jpg\" data-ratio=\"1.4992679355783\" data-height=\"683\" data-width=\"1024\" aria-label=\"Yacht b\u00e9rl\u00e9s dun\u00e1n leg\u00e9nyb\u00facs\u00fa l\u00e1nyb\u00facs\u00fa l\u00e1nyk\u00e9r\u00e9s csapat\u00e9p\u00edt\u00e9s haj\u00f3\">\n                            <\/a>\n                    <a href=\"https:\/\/maryyacht.hu\/wp-content\/uploads\/2022\/07\/Szekeres_Zsofia_kesz_2-126-1024x683.jpg\" data-rel=\"rgg\" rel=\"rgg\" title=\"\" class=\"rgg-simplelightbox size-large rgg-img\" data-src=\"https:\/\/maryyacht.hu\/wp-content\/uploads\/2022\/07\/Szekeres_Zsofia_kesz_2-126-1024x683.jpg\" data-ratio=\"1.4992679355783\" data-height=\"683\" data-width=\"1024\" aria-label=\"Yacht b\u00e9rl\u00e9s dun\u00e1n leg\u00e9nyb\u00facs\u00fa l\u00e1nyb\u00facs\u00fa l\u00e1nyk\u00e9r\u00e9s csapat\u00e9p\u00edt\u00e9s haj\u00f3\">\n                            <\/a>\n            <\/div>\n<\/div>\n","protected":false},"excerpt":{"rendered":"","protected":false},"author":1,"featured_media":0,"parent":0,"menu_order":0,"comment_status":"closed","ping_status":"closed","template":"","meta":{"footnotes":""},"class_list":["post-31","page","type-page","status-publish","hentry"],"yoast_head":"<!-- This site is optimized with the Yoast SEO plugin v19.6.1 - https:\/\/yoast.com\/wordpress\/plugins\/seo\/ -->\n<title>Gal\u00e9ria - Mary Yacht<\/title>\n<meta name=\"robots\" content=\"index, follow, max-snippet:-1, max-image-preview:large, max-video-preview:-1\" \/>\n<link rel=\"canonical\" href=\"https:\/\/maryyacht.hu\/index.php\/galeria\/\" \/>\n<meta property=\"og:locale\" content=\"hu_HU\" \/>\n<meta property=\"og:type\" content=\"article\" \/>\n<meta property=\"og:title\" content=\"Gal\u00e9ria - Mary Yacht\" \/>\n<meta property=\"og:url\" content=\"https:\/\/maryyacht.hu\/index.php\/galeria\/\" \/>\n<meta property=\"og:site_name\" content=\"Mary Yacht\" \/>\n<meta property=\"article:modified_time\" content=\"2022-07-05T11:42:09+00:00\" \/>\n<meta property=\"og:image\" content=\"https:\/\/maryyacht.hu\/wp-content\/uploads\/2022\/07\/Szekeres_Zsofia_kesz_2-152-1024x683.jpg\" \/>\n<meta name=\"twitter:card\" content=\"summary_large_image\" \/>\n<script type=\"application\/ld+json\" class=\"yoast-schema-graph\">{\"@context\":\"https:\/\/schema.org\",\"@graph\":[{\"@type\":\"WebPage\",\"@id\":\"https:\/\/maryyacht.hu\/index.php\/galeria\/\",\"url\":\"https:\/\/maryyacht.hu\/index.php\/galeria\/\",\"name\":\"Gal\u00e9ria - Mary Yacht\",\"isPartOf\":{\"@id\":\"https:\/\/maryyacht.hu\/#website\"},\"datePublished\":\"2022-04-08T09:43:14+00:00\",\"dateModified\":\"2022-07-05T11:42:09+00:00\",\"breadcrumb\":{\"@id\":\"https:\/\/maryyacht.hu\/index.php\/galeria\/#breadcrumb\"},\"inLanguage\":\"hu\",\"potentialAction\":[{\"@type\":\"ReadAction\",\"target\":[\"https:\/\/maryyacht.hu\/index.php\/galeria\/\"]}]},{\"@type\":\"BreadcrumbList\",\"@id\":\"https:\/\/maryyacht.hu\/index.php\/galeria\/#breadcrumb\",\"itemListElement\":[{\"@type\":\"ListItem\",\"position\":1,\"name\":\"Kezd\u0151lap\",\"item\":\"https:\/\/maryyacht.hu\/\"},{\"@type\":\"ListItem\",\"position\":2,\"name\":\"Gal\u00e9ria\"}]},{\"@type\":\"WebSite\",\"@id\":\"https:\/\/maryyacht.hu\/#website\",\"url\":\"https:\/\/maryyacht.hu\/\",\"name\":\"Mary Yacht\",\"description\":\"Yacht b\u00e9rl\u00e9s\",\"potentialAction\":[{\"@type\":\"SearchAction\",\"target\":{\"@type\":\"EntryPoint\",\"urlTemplate\":\"https:\/\/maryyacht.hu\/?s={search_term_string}\"},\"query-input\":\"required name=search_term_string\"}],\"inLanguage\":\"hu\"}]}<\/script>\n<!-- \/ Yoast SEO plugin. -->","yoast_head_json":{"title":"Gal\u00e9ria - Mary Yacht","robots":{"index":"index","follow":"follow","max-snippet":"max-snippet:-1","max-image-preview":"max-image-preview:large","max-video-preview":"max-video-preview:-1"},"canonical":"https:\/\/maryyacht.hu\/index.php\/galeria\/","og_locale":"hu_HU","og_type":"article","og_title":"Gal\u00e9ria - Mary Yacht","og_url":"https:\/\/maryyacht.hu\/index.php\/galeria\/","og_site_name":"Mary Yacht","article_modified_time":"2022-07-05T11:42:09+00:00","og_image":[{"url":"https:\/\/maryyacht.hu\/wp-content\/uploads\/2022\/07\/Szekeres_Zsofia_kesz_2-152-1024x683.jpg"}],"twitter_card":"summary_large_image","schema":{"@context":"https:\/\/schema.org","@graph":[{"@type":"WebPage","@id":"https:\/\/maryyacht.hu\/index.php\/galeria\/","url":"https:\/\/maryyacht.hu\/index.php\/galeria\/","name":"Gal\u00e9ria - Mary Yacht","isPartOf":{"@id":"https:\/\/maryyacht.hu\/#website"},"datePublished":"2022-04-08T09:43:14+00:00","dateModified":"2022-07-05T11:42:09+00:00","breadcrumb":{"@id":"https:\/\/maryyacht.hu\/index.php\/galeria\/#breadcrumb"},"inLanguage":"hu","potentialAction":[{"@type":"ReadAction","target":["https:\/\/maryyacht.hu\/index.php\/galeria\/"]}]},{"@type":"BreadcrumbList","@id":"https:\/\/maryyacht.hu\/index.php\/galeria\/#breadcrumb","itemListElement":[{"@type":"ListItem","position":1,"name":"Kezd\u0151lap","item":"https:\/\/maryyacht.hu\/"},{"@type":"ListItem","position":2,"name":"Gal\u00e9ria"}]},{"@type":"WebSite","@id":"https:\/\/maryyacht.hu\/#website","url":"https:\/\/maryyacht.hu\/","name":"Mary Yacht","description":"Yacht b\u00e9rl\u00e9s","potentialAction":[{"@type":"SearchAction","target":{"@type":"EntryPoint","urlTemplate":"https:\/\/maryyacht.hu\/?s={search_term_string}"},"query-input":"required name=search_term_string"}],"inLanguage":"hu"}]}},"_links":{"self":[{"href":"https:\/\/maryyacht.hu\/index.php\/wp-json\/wp\/v2\/pages\/31"}],"collection":[{"href":"https:\/\/maryyacht.hu\/index.php\/wp-json\/wp\/v2\/pages"}],"about":[{"href":"https:\/\/maryyacht.hu\/index.php\/wp-json\/wp\/v2\/types\/page"}],"author":[{"embeddable":true,"href":"https:\/\/maryyacht.hu\/index.php\/wp-json\/wp\/v2\/users\/1"}],"replies":[{"embeddable":true,"href":"https:\/\/maryyacht.hu\/index.php\/wp-json\/wp\/v2\/comments?post=31"}],"version-history":[{"count":3,"href":"https:\/\/maryyacht.hu\/index.php\/wp-json\/wp\/v2\/pages\/31\/revisions"}],"predecessor-version":[{"id":133,"href":"https:\/\/maryyacht.hu\/index.php\/wp-json\/wp\/v2\/pages\/31\/revisions\/133"}],"wp:attachment":[{"href":"https:\/\/maryyacht.hu\/index.php\/wp-json\/wp\/v2\/media?parent=31"}],"curies":[{"name":"wp","href":"https:\/\/api.w.org\/{rel}","templated":true}]}}