{"id":35,"date":"2022-04-08T09:43:34","date_gmt":"2022-04-08T09:43:34","guid":{"rendered":"https:\/\/maryyacht.hu\/?page_id=35"},"modified":"2023-02-07T13:58:14","modified_gmt":"2023-02-07T13:58:14","slug":"kapcsolat","status":"publish","type":"page","link":"https:\/\/maryyacht.hu\/index.php\/kapcsolat\/","title":{"rendered":"Kapcsolat"},"content":{"rendered":"<div>Haj\u00f3b\u00e9rl\u00e9ssel kapcsolatos k\u00e9rd\u00e9sekkel vagy foglal\u00e1si ig\u00e9ny eset\u00e9n \u00e9rdekl\u0151dni az al\u00e1bbi el\u00e9rhet\u0151s\u00e9geken lehets\u00e9ges:<\/div>\n<div><\/div>\n<div>Telefon: 0670\/ 411-0001<br \/>\nEmail: &#x69;&#110;f&#x6f;&#64;m&#x61;&#x72;&#121;&#x79;&#x61;&#99;h&#x74;&#46;h&#x75;<\/div>\n<p>Nyitva tart\u00e1s: H-P: 8:00 \u2013 12:00<\/p>\n<p>Telefonos \u00fcgyf\u00e9lszolg\u00e1lat: H-V: 8:00-20:00<\/p>\n","protected":false},"excerpt":{"rendered":"<p>Haj\u00f3b\u00e9rl\u00e9ssel kapcsolatos k\u00e9rd\u00e9sekkel vagy foglal\u00e1si ig\u00e9ny eset\u00e9n \u00e9rdekl\u0151dni az al\u00e1bbi el\u00e9rhet\u0151s\u00e9geken lehets\u00e9ges: [&hellip;]<\/p>\n","protected":false},"author":1,"featured_media":0,"parent":0,"menu_order":0,"comment_status":"closed","ping_status":"closed","template":"","meta":{"footnotes":""},"class_list":["post-35","page","type-page","status-publish","hentry"],"yoast_head":"<!-- This site is optimized with the Yoast SEO plugin v19.6.1 - https:\/\/yoast.com\/wordpress\/plugins\/seo\/ -->\n<title>Kapcsolat - Mary Yacht<\/title>\n<meta name=\"robots\" content=\"index, follow, max-snippet:-1, max-image-preview:large, max-video-preview:-1\" \/>\n<link rel=\"canonical\" href=\"https:\/\/maryyacht.hu\/index.php\/kapcsolat\/\" \/>\n<meta property=\"og:locale\" content=\"hu_HU\" \/>\n<meta property=\"og:type\" content=\"article\" \/>\n<meta property=\"og:title\" content=\"Kapcsolat - Mary Yacht\" \/>\n<meta property=\"og:description\" content=\"Haj\u00f3b\u00e9rl\u00e9ssel kapcsolatos k\u00e9rd\u00e9sekkel vagy foglal\u00e1si ig\u00e9ny eset\u00e9n \u00e9rdekl\u0151dni az al\u00e1bbi el\u00e9rhet\u0151s\u00e9geken lehets\u00e9ges: [&hellip;]\" \/>\n<meta property=\"og:url\" content=\"https:\/\/maryyacht.hu\/index.php\/kapcsolat\/\" \/>\n<meta property=\"og:site_name\" content=\"Mary Yacht\" \/>\n<meta property=\"article:modified_time\" content=\"2023-02-07T13:58:14+00:00\" \/>\n<meta name=\"twitter:card\" content=\"summary_large_image\" \/>\n<meta name=\"twitter:label1\" content=\"Becs\u00fclt olvas\u00e1si id\u0151\" \/>\n\t<meta name=\"twitter:data1\" content=\"1 perc\" \/>\n<script type=\"application\/ld+json\" class=\"yoast-schema-graph\">{\"@context\":\"https:\/\/schema.org\",\"@graph\":[{\"@type\":\"WebPage\",\"@id\":\"https:\/\/maryyacht.hu\/index.php\/kapcsolat\/\",\"url\":\"https:\/\/maryyacht.hu\/index.php\/kapcsolat\/\",\"name\":\"Kapcsolat - Mary Yacht\",\"isPartOf\":{\"@id\":\"https:\/\/maryyacht.hu\/#website\"},\"datePublished\":\"2022-04-08T09:43:34+00:00\",\"dateModified\":\"2023-02-07T13:58:14+00:00\",\"breadcrumb\":{\"@id\":\"https:\/\/maryyacht.hu\/index.php\/kapcsolat\/#breadcrumb\"},\"inLanguage\":\"hu\",\"potentialAction\":[{\"@type\":\"ReadAction\",\"target\":[\"https:\/\/maryyacht.hu\/index.php\/kapcsolat\/\"]}]},{\"@type\":\"BreadcrumbList\",\"@id\":\"https:\/\/maryyacht.hu\/index.php\/kapcsolat\/#breadcrumb\",\"itemListElement\":[{\"@type\":\"ListItem\",\"position\":1,\"name\":\"Kezd\u0151lap\",\"item\":\"https:\/\/maryyacht.hu\/\"},{\"@type\":\"ListItem\",\"position\":2,\"name\":\"Kapcsolat\"}]},{\"@type\":\"WebSite\",\"@id\":\"https:\/\/maryyacht.hu\/#website\",\"url\":\"https:\/\/maryyacht.hu\/\",\"name\":\"Mary Yacht\",\"description\":\"Yacht b\u00e9rl\u00e9s\",\"potentialAction\":[{\"@type\":\"SearchAction\",\"target\":{\"@type\":\"EntryPoint\",\"urlTemplate\":\"https:\/\/maryyacht.hu\/?s={search_term_string}\"},\"query-input\":\"required name=search_term_string\"}],\"inLanguage\":\"hu\"}]}<\/script>\n<!-- \/ Yoast SEO plugin. -->","yoast_head_json":{"title":"Kapcsolat - Mary Yacht","robots":{"index":"index","follow":"follow","max-snippet":"max-snippet:-1","max-image-preview":"max-image-preview:large","max-video-preview":"max-video-preview:-1"},"canonical":"https:\/\/maryyacht.hu\/index.php\/kapcsolat\/","og_locale":"hu_HU","og_type":"article","og_title":"Kapcsolat - Mary Yacht","og_description":"Haj\u00f3b\u00e9rl\u00e9ssel kapcsolatos k\u00e9rd\u00e9sekkel vagy foglal\u00e1si ig\u00e9ny eset\u00e9n \u00e9rdekl\u0151dni az al\u00e1bbi el\u00e9rhet\u0151s\u00e9geken lehets\u00e9ges: [&hellip;]","og_url":"https:\/\/maryyacht.hu\/index.php\/kapcsolat\/","og_site_name":"Mary Yacht","article_modified_time":"2023-02-07T13:58:14+00:00","twitter_card":"summary_large_image","twitter_misc":{"Becs\u00fclt olvas\u00e1si id\u0151":"1 perc"},"schema":{"@context":"https:\/\/schema.org","@graph":[{"@type":"WebPage","@id":"https:\/\/maryyacht.hu\/index.php\/kapcsolat\/","url":"https:\/\/maryyacht.hu\/index.php\/kapcsolat\/","name":"Kapcsolat - Mary Yacht","isPartOf":{"@id":"https:\/\/maryyacht.hu\/#website"},"datePublished":"2022-04-08T09:43:34+00:00","dateModified":"2023-02-07T13:58:14+00:00","breadcrumb":{"@id":"https:\/\/maryyacht.hu\/index.php\/kapcsolat\/#breadcrumb"},"inLanguage":"hu","potentialAction":[{"@type":"ReadAction","target":["https:\/\/maryyacht.hu\/index.php\/kapcsolat\/"]}]},{"@type":"BreadcrumbList","@id":"https:\/\/maryyacht.hu\/index.php\/kapcsolat\/#breadcrumb","itemListElement":[{"@type":"ListItem","position":1,"name":"Kezd\u0151lap","item":"https:\/\/maryyacht.hu\/"},{"@type":"ListItem","position":2,"name":"Kapcsolat"}]},{"@type":"WebSite","@id":"https:\/\/maryyacht.hu\/#website","url":"https:\/\/maryyacht.hu\/","name":"Mary Yacht","description":"Yacht b\u00e9rl\u00e9s","potentialAction":[{"@type":"SearchAction","target":{"@type":"EntryPoint","urlTemplate":"https:\/\/maryyacht.hu\/?s={search_term_string}"},"query-input":"required name=search_term_string"}],"inLanguage":"hu"}]}},"_links":{"self":[{"href":"https:\/\/maryyacht.hu\/index.php\/wp-json\/wp\/v2\/pages\/35"}],"collection":[{"href":"https:\/\/maryyacht.hu\/index.php\/wp-json\/wp\/v2\/pages"}],"about":[{"href":"https:\/\/maryyacht.hu\/index.php\/wp-json\/wp\/v2\/types\/page"}],"author":[{"embeddable":true,"href":"https:\/\/maryyacht.hu\/index.php\/wp-json\/wp\/v2\/users\/1"}],"replies":[{"embeddable":true,"href":"https:\/\/maryyacht.hu\/index.php\/wp-json\/wp\/v2\/comments?post=35"}],"version-history":[{"count":6,"href":"https:\/\/maryyacht.hu\/index.php\/wp-json\/wp\/v2\/pages\/35\/revisions"}],"predecessor-version":[{"id":255,"href":"https:\/\/maryyacht.hu\/index.php\/wp-json\/wp\/v2\/pages\/35\/revisions\/255"}],"wp:attachment":[{"href":"https:\/\/maryyacht.hu\/index.php\/wp-json\/wp\/v2\/media?parent=35"}],"curies":[{"name":"wp","href":"https:\/\/api.w.org\/{rel}","templated":true}]}}